{"id":26,"date":"2024-09-13T16:27:00","date_gmt":"2024-09-13T14:27:00","guid":{"rendered":"https:\/\/premium.boks.cyberghosts.pl\/?page_id=26"},"modified":"2024-11-13T20:19:31","modified_gmt":"2024-11-13T19:19:31","slug":"o-nas","status":"publish","type":"page","link":"https:\/\/boks.cyberghosts.pl\/premium\/o-nas\/","title":{"rendered":"O nas"},"content":{"rendered":"<div id=\"block_80a95cfdadf0f696a173a298f5e69dca\" class=\"block__text-image\">\r\n    <div class=\"col-12 col-lg-6 d-block d-lg-none block__text-image__image order-0 order-lg-1\">\r\n\t\t            <img decoding=\"async\" src=\"https:\/\/boks.cyberghosts.pl\/premium\/wp-content\/uploads\/sites\/2\/2024\/11\/Rectangle-258-1.png\" alt=\"\"\/>\r\n\t\t    <\/div>\r\n    <div class=\"block__text-image__content container py-5 d-flex flex-wrap align-items-center\">\r\n        <div class=\"col-12 col-lg-6 d-flex flex-column-reverse flex-lg-column pe-lg-5 order-1 order-lg-0\">\r\n            <div>\r\n\t\t\t\t\t\t\t\t                    <h2 class=\"mb-4\">Oszcz\u0119dzaj czas wsp\u00f3\u0142pracuj\u0105c z do\u015bwiadczonym zespo\u0142em<\/h2>\r\n\t\t\t\t\t\t\t\t                    <p class=\"mb-4\">Traktujemy klient\u00f3w jak partner\u00f3w, skupiaj\u0105c si\u0119 na do\u015bwiadczonym doradztwie. Gwarantujemy przemy\u015blany wyb\u00f3r nieruchomo\u015bci, dostosowany do potrzeb. <\/p>\r\n\t\t\t\t\t                                <p class=\"mb-4\">Posiadamy dost\u0119p do nieruchomo\u015bci we wszystkich strategicznych miejscach na terenie Polski jak i Europy.<\/p>\r\n\t            \t                                <b class=\"mb-4\">Znajdziemy nieruchomo\u015b\u0107, kt\u00f3ra spe\u0142ni Twoje oczekiwania<\/b>\r\n\t                        <\/div>\r\n        <\/div>\r\n        <div class=\"col-12 col-lg-6 d-none d-lg-block block__text-image__image ps-lg-4 order-0 order-lg-1\">\r\n\t\t\t                <img decoding=\"async\" src=\"https:\/\/boks.cyberghosts.pl\/premium\/wp-content\/uploads\/sites\/2\/2024\/11\/Rectangle-258-1.png\" alt=\"\"\/>\r\n\t\t\t        <\/div>\r\n    <\/div>\r\n<\/div>\n\n<div id=\"block_c707194213a4f51a38520532699c9267\" class=\"block__numbers\">\r\n    <div class=\"container d-flex flex-column-reverse flex-lg-row align-items-center\">\r\n        <div class=\"block__numbers__numbers d-flex flex-column flex-lg-row align-self-stretch py-5 col-12 row-gap-4\">\r\n            <div class=\"col-12 col-lg-3\">\r\n                <h3 class=\"fw-bold\"><span\r\n                            class=\"animate-numbers\">300<\/span>+                <\/h3>\r\n                <span>Nieruchomo\u015bci w bazie<\/span>\r\n            <\/div>\r\n            <div class=\"col-12 col-lg-3\">\r\n                <h3 class=\"fw-bold\"><span\r\n                            class=\"animate-numbers\">9<\/span> miast                <\/h3>\r\n                <span>obs\u0142ugiwanych w Polsce<\/span>\r\n            <\/div>\r\n            <div class=\"col-12 col-lg-3\">\r\n                <h3 class=\"fw-bold\"><span\r\n                            class=\"animate-numbers\">890<\/span>+                <\/h3>\r\n                <span>Sprzedanych nieruchomo\u015bci<\/span>\r\n            <\/div>\r\n            <div class=\"col-12 col-lg-3\">\r\n                <h3 class=\"fw-bold\"><span\r\n                            class=\"animate-numbers\">18<\/span> lat                <\/h3>\r\n                <span>w bran\u017cy nieruchomo\u015bci<\/span>\r\n            <\/div>\r\n        <\/div>\r\n    <\/div>\r\n<\/div>\r\n\n\n<div id=\"block_53c8996e4c4cad3035155af95f232a6e\" class=\"block__features\"\r\n     style=\"background: linear-gradient(180deg, rgba(0, 0, 0, 0.5) 6.26%, rgba(0, 0, 0, 0) 54.67%), linear-gradient(0deg, rgba(0, 0, 0, 0.35), rgba(0, 0, 0, 0.35)), center \/ cover no-repeat url('https:\/\/boks.cyberghosts.pl\/premium\/wp-content\/uploads\/sites\/2\/2024\/11\/Rectangle-311-1-2048x1092.png')\">\r\n    <div class=\"block__features__content\">\r\n        <div class=\"block__features__content__box container\">\r\n            <span class=\"block__features__title\" data-aos=\"fade-right\">Przez 18 lat wypracowali\u015bmy proces, dzi\u0119ki kt\u00f3remu jeste\u015bmy w stanie obs\u0142ugiwa\u0107\u00a0Ci\u0119\u00a0szybko, sprawie i kompetentnie<\/span>\r\n            <div class=\"block__features__attributes d-flex flex-column flex-lg-row col-12\">\r\n\t\t\t\t                    <div data-aos=\"zoom-in\"\r\n                         class=\"block__features__attributes__item col-12 col-lg-4\">\r\n                        <span>\r\n                            <svg width=\"24\" height=\"24\" viewBox=\"0 0 24 24\" fill=\"none\" xmlns=\"http:\/\/www.w3.org\/2000\/svg\">\r\n    <g opacity=\"0.6\" clip-path=\"url(#clip0_473_548)\">\r\n        <path d=\"M11 11L0 11L0 3C0 2.20435 0.31607 1.44129 0.87868 0.87868C1.44129 0.31607 2.20435 0 3 0L11 0L11 11ZM2 9L9 9L9 2L3 2C2.73478 2 2.48043 2.10536 2.29289 2.29289C2.10536 2.48043 2 2.73478 2 3L2 9Z\" fill=\"white\"\/>\r\n        <path d=\"M24 11L13 11L13 0L21 0C21.7956 0 22.5587 0.31607 23.1213 0.87868C23.6839 1.44129 24 2.20435 24 3V11ZM15 9L22 9V3C22 2.73478 21.8946 2.48043 21.7071 2.29289C21.5196 2.10536 21.2652 2 21 2L15 2L15 9Z\" fill=\"white\"\/>\r\n        <path d=\"M11 24H3C2.20435 24 1.44129 23.6839 0.87868 23.1213C0.31607 22.5587 0 21.7956 0 21L0 13L11 13L11 24ZM2 15L2 21C2 21.2652 2.10536 21.5195 2.29289 21.7071C2.48043 21.8946 2.73478 22 3 22H9L9 15L2 15Z\" fill=\"white\"\/>\r\n        <path d=\"M21 24H13L13 13L24 13V21C24 21.7956 23.6839 22.5587 23.1213 23.1213C22.5587 23.6839 21.7956 24 21 24ZM15 22H21C21.2652 22 21.5196 21.8946 21.7071 21.7071C21.8946 21.5195 22 21.2652 22 21V15L15 15L15 22Z\" fill=\"white\"\/>\r\n    <\/g>\r\n    <defs>\r\n        <clipPath id=\"clip0_473_548\">\r\n            <rect width=\"24\" height=\"24\" fill=\"white\"\/>\r\n        <\/clipPath>\r\n    <\/defs>\r\n<\/svg>\r\n                        <\/span>\r\n                        <h3 class=\"mt-4\">Posiadamy gotow\u0105\u00a0baz\u0119 sprawdzonych nieruchomo\u015bci<\/h3>\r\n                        <p>Tworzymy bezpieczne \u015brodowisko dla ka\u017cdej transakcji, oparte na wzajemnym zaufaniu<\/p>\r\n                    <\/div>\r\n\t\t\t\t                    <div data-aos=\"zoom-in\"\r\n                         class=\"block__features__attributes__item col-12 col-lg-4\">\r\n                        <span>\r\n                            <svg width=\"24\" height=\"24\" viewBox=\"0 0 24 24\" fill=\"none\" xmlns=\"http:\/\/www.w3.org\/2000\/svg\">\r\n    <g opacity=\"0.6\" clip-path=\"url(#clip0_473_553)\">\r\n        <path d=\"M20 7.99997C20.0028 6.70482 19.6912 5.42836 19.0918 4.28025C18.4924 3.13213 17.6233 2.14671 16.559 1.40864C15.4947 0.670565 14.2672 0.201918 12.9818 0.0429644C11.6965 -0.115989 10.3918 0.0395022 9.17976 0.496079C7.96777 0.952656 6.88474 1.69667 6.02374 2.66418C5.16275 3.6317 4.54952 4.79379 4.23676 6.0506C3.92401 7.30741 3.92106 8.62137 4.22819 9.87958C4.53531 11.1378 5.14333 12.3026 5.99998 13.274L5.99998 21.5C5.99997 21.9709 6.13299 22.4323 6.38371 22.8309C6.63444 23.2296 6.99266 23.5493 7.41714 23.7533C7.84162 23.9573 8.31509 24.0372 8.78301 23.9839C9.25093 23.9306 9.69427 23.7462 10.062 23.452L12 21.9L13.938 23.45C14.3056 23.7441 14.7487 23.9285 15.2165 23.9819C15.6842 24.0353 16.1575 23.9555 16.5819 23.7518C17.0063 23.548 17.3646 23.2286 17.6154 22.8302C17.8663 22.4319 17.9996 21.9707 18 21.5V13.274C19.2883 11.8192 19.9997 9.9432 20 7.99997ZM12 1.99997C13.1867 1.99997 14.3467 2.35186 15.3334 3.01115C16.3201 3.67044 17.0891 4.60751 17.5433 5.70387C17.9974 6.80022 18.1162 8.00662 17.8847 9.17051C17.6532 10.3344 17.0817 11.4035 16.2426 12.2426C15.4035 13.0817 14.3344 13.6532 13.1705 13.8847C12.0066 14.1162 10.8002 13.9974 9.70388 13.5432C8.60752 13.0891 7.67045 12.3201 7.01116 11.3334C6.35187 10.3467 5.99998 9.18665 5.99998 7.99997C6.00157 6.40915 6.63422 4.88395 7.75909 3.75908C8.88397 2.63421 10.4092 2.00155 12 1.99997ZM15.717 21.948C15.6324 21.9899 15.5375 22.0065 15.4436 21.9959C15.3498 21.9852 15.2611 21.9478 15.188 21.888L12 19.337L8.81298 21.888C8.73961 21.9469 8.6511 21.9839 8.55763 21.9947C8.46417 22.0056 8.36954 21.9898 8.28462 21.9493C8.19971 21.9088 8.12795 21.8451 8.07759 21.7656C8.02724 21.6861 8.00034 21.5941 7.99998 21.5L7.99998 14.918C9.21395 15.6265 10.5944 15.9999 12 15.9999C13.4056 15.9999 14.786 15.6265 16 14.918V21.5C16.0011 21.594 15.975 21.6863 15.9247 21.7658C15.8745 21.8453 15.8024 21.9086 15.717 21.948Z\" fill=\"white\"\/>\r\n    <\/g>\r\n    <defs>\r\n        <clipPath id=\"clip0_473_553\">\r\n            <rect width=\"24\" height=\"24\" fill=\"white\"\/>\r\n        <\/clipPath>\r\n    <\/defs>\r\n<\/svg>\r\n                        <\/span>\r\n                        <h3 class=\"mt-4\">Wsp\u00f3\u0142pracujemy ze sprawdzonymi notariuszami na terenie Polski<\/h3>\r\n                        <p>Oferujemy eksperck\u0105 wiedz\u0119 i precyzyjne doradztwo w ka\u017cdym aspekcie rynku nieruchomo\u015bci<\/p>\r\n                    <\/div>\r\n\t\t\t\t                    <div data-aos=\"zoom-in\"\r\n                         class=\"block__features__attributes__item col-12 col-lg-4\">\r\n                        <span>\r\n                            <svg width=\"24\" height=\"24\" viewBox=\"0 0 24 24\" fill=\"none\" xmlns=\"http:\/\/www.w3.org\/2000\/svg\">\r\n    <g opacity=\"0.6\" clip-path=\"url(#clip0_473_558)\">\r\n        <path d=\"M21 21.7068L3 21.7068C2.20435 21.7068 1.44129 21.3908 0.87868 20.8282C0.31607 20.2656 0 19.5025 0 18.7068L0 2.29285L6 8.29285L12 2.29285L18 8.29285L24 2.29285L24 18.7068C24 19.5025 23.6839 20.2656 23.1213 20.8282C22.5587 21.3908 21.7956 21.7068 21 21.7068ZM2 7.12085L2 18.7068C2 18.9721 2.10536 19.2264 2.29289 19.414C2.48043 19.6015 2.73478 19.7068 3 19.7068L21 19.7068C21.2652 19.7068 21.5196 19.6015 21.7071 19.414C21.8946 19.2264 22 18.9721 22 18.7068L22 7.12085L18 11.1208L12 5.12085L6 11.1208L2 7.12085Z\" fill=\"white\"\/>\r\n    <\/g>\r\n    <defs>\r\n        <clipPath id=\"clip0_473_558\">\r\n            <rect width=\"24\" height=\"24\" fill=\"white\"\/>\r\n        <\/clipPath>\r\n    <\/defs>\r\n<\/svg>\r\n                        <\/span>\r\n                        <h3 class=\"mt-4\">Gwarantujemy ceny adekwatne do poszukiwanej nieruchomo\u015bci<\/h3>\r\n                        <p>Dostosowujemy nasze us\u0142ugi, aby idealnie odpowiada\u0142y specyficznym potrzebom ka\u017cdego klienta<\/p>\r\n                    <\/div>\r\n\t\t\t\t            <\/div>\r\n\t\t\t            <a href=\"\/premium\/kontakt\/\" data-aos=\"zoom-in\"\r\n               class=\"boks-outline-button mt-4 align-self-lg-baseline\">Um\u00f3w konsultacj\u0119 z naszym agentem<\/a>\r\n        <\/div>\r\n    <\/div>\r\n<\/div>\n\n<div id=\"block_65c464b86e7ac8427df77437ae9546ea\" class=\"block__text-image\">\r\n    <div class=\"col-12 col-lg-6 d-block d-lg-none block__text-image__image order-0 order-lg-1\">\r\n\t\t            <img decoding=\"async\" src=\"https:\/\/boks.cyberghosts.pl\/premium\/wp-content\/uploads\/sites\/2\/2024\/11\/Rectangle-343.png\" alt=\"\"\/>\r\n\t\t    <\/div>\r\n    <div class=\"block__text-image__content container py-5 d-flex flex-wrap align-items-center\">\r\n        <div class=\"col-12 col-lg-6 d-flex flex-column-reverse flex-lg-column pe-lg-5 order-1 order-lg-0\">\r\n            <div>\r\n\t\t\t\t\t\t\t\t                    <h2 class=\"mb-4\">18 lat do\u015bwiadczenia pokaza\u0142o nam bardzo du\u017co&#8230;<\/h2>\r\n\t\t\t\t\t\t\t\t                    <p class=\"mb-4\">Traktujemy klient\u00f3w jak partner\u00f3w, skupiaj\u0105c si\u0119 na do\u015bwiadczonym doradztwie. Gwarantujemy przemy\u015blany wyb\u00f3r nieruchomo\u015bci, dostosowany do potrzeb. <\/p>\r\n\t\t\t\t\t                                <p class=\"mb-4\">Posiadamy dost\u0119p do nieruchomo\u015bci we wszystkich strategicznych miejscach na terenie Polski jak i Europy.<\/p>\r\n\t            \t                                <b class=\"mb-4\">Znajdziemy nieruchomo\u015b\u0107, kt\u00f3ra spe\u0142ni Twoje oczekiwania<\/b>\r\n\t                        <\/div>\r\n        <\/div>\r\n        <div class=\"col-12 col-lg-6 d-none d-lg-block block__text-image__image ps-lg-4 order-0 order-lg-1\">\r\n\t\t\t                <img decoding=\"async\" src=\"https:\/\/boks.cyberghosts.pl\/premium\/wp-content\/uploads\/sites\/2\/2024\/11\/Rectangle-343.png\" alt=\"\"\/>\r\n\t\t\t        <\/div>\r\n    <\/div>\r\n<\/div>\n\n    <div id=\"block_696e24786cfe4a27112f1d4bb0699938\" class=\"d-none d-lg-block block__agents\">\r\n        <div class=\"d-flex flex-column container align-items-center mt-4\">\r\n            <div class=\"col-12 mb-4\">\r\n                <h2>Nasi do\u015bwiadczeni agenci<\/h2>\r\n            <\/div>\r\n            <div class=\"block__agents__items col-12\">\r\n\t\t\t\t<div class=\"boks-agent p-4 d-flex flex-column align-items-stretch \">\r\n\t    <h4 class=\"text-center\">\r\n\t\tFabian Bok\u015b    <\/h4>\r\n    <span class=\"boks-agent__offers text-center\">Obs\u0142uguje <a\r\n                href=\"https:\/\/boks.cyberghosts.pl\/premium\/nieruchomosci\/?_agent=463\">7 ofert<\/a><\/span>\r\n\r\n\t<img loading=\"lazy\" decoding=\"async\" width=\"735\" height=\"1024\" src=\"https:\/\/boks.cyberghosts.pl\/premium\/wp-content\/uploads\/sites\/2\/2024\/11\/3_24458_2048_2048_user_24458_-735x1024.jpg\" class=\"boks-agent__image mt-4\" alt=\"\" srcset=\"https:\/\/boks.cyberghosts.pl\/premium\/wp-content\/uploads\/sites\/2\/2024\/11\/3_24458_2048_2048_user_24458_-735x1024.jpg 735w, https:\/\/boks.cyberghosts.pl\/premium\/wp-content\/uploads\/sites\/2\/2024\/11\/3_24458_2048_2048_user_24458_-215x300.jpg 215w, https:\/\/boks.cyberghosts.pl\/premium\/wp-content\/uploads\/sites\/2\/2024\/11\/3_24458_2048_2048_user_24458_-768x1070.jpg 768w, https:\/\/boks.cyberghosts.pl\/premium\/wp-content\/uploads\/sites\/2\/2024\/11\/3_24458_2048_2048_user_24458_-1103x1536.jpg 1103w, https:\/\/boks.cyberghosts.pl\/premium\/wp-content\/uploads\/sites\/2\/2024\/11\/3_24458_2048_2048_user_24458_.jpg 1470w\" sizes=\"auto, (max-width: 735px) 100vw, 735px\" \/>    <span class=\"boks-agent__contact-text my-4 text-center\">Skontaktuj si\u0119 ze mn\u0105:<\/span>\r\n    <a class=\"boks-button\" href=\"mailto:fabian@nieruchomosci-boks.pl\">Wy\u015blij wiadomo\u015b\u0107<\/a>\r\n\t        <a class=\"boks-outline-button mt-2\"\r\n           href=\"tel:+48503668575\">\r\n\t\t\t+48 503668575        <\/a>\r\n\t<\/div>\r\n            <\/div>\r\n        <\/div>\r\n    <\/div>\r\n","protected":false},"excerpt":{"rendered":"","protected":false},"author":1,"featured_media":0,"parent":0,"menu_order":0,"comment_status":"closed","ping_status":"closed","template":"page-full.php","meta":{"_acf_changed":false,"footnotes":""},"class_list":["post-26","page","type-page","status-publish","hentry"],"acf":[],"_links":{"self":[{"href":"https:\/\/boks.cyberghosts.pl\/premium\/wp-json\/wp\/v2\/pages\/26","targetHints":{"allow":["GET"]}}],"collection":[{"href":"https:\/\/boks.cyberghosts.pl\/premium\/wp-json\/wp\/v2\/pages"}],"about":[{"href":"https:\/\/boks.cyberghosts.pl\/premium\/wp-json\/wp\/v2\/types\/page"}],"author":[{"embeddable":true,"href":"https:\/\/boks.cyberghosts.pl\/premium\/wp-json\/wp\/v2\/users\/1"}],"replies":[{"embeddable":true,"href":"https:\/\/boks.cyberghosts.pl\/premium\/wp-json\/wp\/v2\/comments?post=26"}],"version-history":[{"count":5,"href":"https:\/\/boks.cyberghosts.pl\/premium\/wp-json\/wp\/v2\/pages\/26\/revisions"}],"predecessor-version":[{"id":1129,"href":"https:\/\/boks.cyberghosts.pl\/premium\/wp-json\/wp\/v2\/pages\/26\/revisions\/1129"}],"wp:attachment":[{"href":"https:\/\/boks.cyberghosts.pl\/premium\/wp-json\/wp\/v2\/media?parent=26"}],"curies":[{"name":"wp","href":"https:\/\/api.w.org\/{rel}","templated":true}]}}