{"id":291,"date":"2024-09-13T20:24:35","date_gmt":"2024-09-13T18:24:35","guid":{"rendered":"https:\/\/premium.boks.cyberghosts.pl\/?page_id=291"},"modified":"2024-10-28T19:54:11","modified_gmt":"2024-10-28T18:54:11","slug":"polityka-prywatnosci","status":"publish","type":"page","link":"https:\/\/boks.cyberghosts.pl\/premium\/polityka-prywatnosci\/","title":{"rendered":"Polityka prywatno\u015bci"},"content":{"rendered":"\n<h4 class=\"wp-block-heading has-text-align-center\"><strong>\u00a71<\/strong><\/h4>\n\n\n\n<h5 class=\"wp-block-heading has-text-align-center\"><strong>Cel Polityki Prywatno\u015bci<\/strong><\/h5>\n\n\n\n<p>Celem niniejszej Polityki Prywatno\u015bci jest wyja\u015bnienie zasad, na&nbsp;jakich przetwarzane s\u0105&nbsp;Pa\u0144stwa dane osobowe oraz&nbsp;om\u00f3wienie Pa\u0144stwa podstawowych praw zwi\u0105zanych z&nbsp;przetwarzaniem Pa\u0144stwa danych osobowych przez&nbsp;Biuro Nieruchomo\u015bci.<\/p>\n\n\n\n<h4 class=\"wp-block-heading has-text-align-center\"><strong>\u00a72<\/strong><\/h4>\n\n\n\n<h5 class=\"wp-block-heading has-text-align-center\"><strong>Administrator danych osobowych<\/strong><\/h5>\n\n\n\n<p>Administratorem Pa\u0144stwa danych osobowych jest:&nbsp;<\/p>\n\n\n\n<p><strong>Nieruchomo\u015b\u0107i Beata Bok\u015b,<\/strong> D\u0104BROWSKIEGO 2A, 64-100 LESZNO, NIP: 6972380594, REGON: 38820754200000<\/p>\n\n\n\n<p>Dane osobowe zbierane przez&nbsp;Biuro Nieruchomo\u015bci przetwarzane s\u0105&nbsp;na&nbsp;zasadach okre\u015blonych w&nbsp;przepisach o&nbsp;ochronie danych osobowych, w&nbsp;tym w&nbsp;rozporz\u0105dzeniu Parlamentu Europejskiego i&nbsp;Rady (UE) 2016\/679 z&nbsp;dnia 27 kwietnia 2016&nbsp;r. w&nbsp;sprawie ochrony os\u00f3b fizycznych w&nbsp;zwi\u0105zku z&nbsp;przetwarzaniem danych osobowych i&nbsp;w&nbsp;sprawie swobodnego przep\u0142ywu takich danych oraz&nbsp;uchylenia dyrektywy 95\/46\/WE (og\u00f3lne rozporz\u0105dzenie o&nbsp;ochronie danych) (\u201e<strong>RODO<\/strong>\u201d) oraz&nbsp;w&nbsp;polskich przepisach wydanych w&nbsp;zwi\u0105zku z&nbsp;RODO, w&nbsp;tym&nbsp; ustawie z&nbsp;dnia 10 maja 2018&nbsp;r. o&nbsp;ochronie danych osobowych.<\/p>\n\n\n\n<p>Biuro Nieruchomo\u015bci zachowuje dane osobowe w&nbsp;poufno\u015bci i&nbsp;zabezpiecza je&nbsp;przed&nbsp;niepowo\u0142anym dost\u0119pem os\u00f3b trzecich na&nbsp;zasadach okre\u015blonych w&nbsp;ww. aktach prawnych.<\/p>\n\n\n\n<h4 class=\"wp-block-heading has-text-align-center\"><strong>\u00a73<\/strong><\/h4>\n\n\n\n<h5 class=\"wp-block-heading has-text-align-center\"><strong>Cele i&nbsp;podstawy przetwarzania<\/strong><\/h5>\n\n\n\n<p>W&nbsp;ramach swojej dzia\u0142alno\u015bci Biuro Nieruchomo\u015bci zbiera i&nbsp;przetwarza dane osobowe:<\/p>\n\n\n\n<p>1. w&nbsp;celu wykonywania um\u00f3w zawieranych przez&nbsp;Biuro Nieruchomo\u015bci z&nbsp;Klientami (podstawa prawna art. 6 ust. 1 lit. b&nbsp;RODO);<\/p>\n\n\n\n<p>2. w&nbsp;celach wynikaj\u0105cych z&nbsp;prawnie uzasadnionych interes\u00f3w realizowanych przez&nbsp;Biuro Nieruchomo\u015bci jako Administratora danych (podstawa prawna art. 6 ust. 1 lit. f&nbsp;RODO), a&nbsp;to:<\/p>\n\n\n\n<p>a) w&nbsp;celu \u015bwiadczenia us\u0142ug na&nbsp;rzecz Klient\u00f3w,<\/p>\n\n\n\n<p>b) w&nbsp;celu marketingu us\u0142ug Biura Nieruchomo\u015bci, w&nbsp;tym w&nbsp;celu informowania o&nbsp;wydarzeniach lub&nbsp;dzia\u0142alno\u015bci Biura Nieruchomo\u015bci,<\/p>\n\n\n\n<p>c) w&nbsp;celach analitycznych, statystycznych oraz&nbsp;w&nbsp;celu zapewnienia bezpiecze\u0144stwa teleinformatycznego zwi\u0105zanego z&nbsp;witryn\u0105 nieruchomosci-boks.pl;<\/p>\n\n\n\n<p>3. w&nbsp;celu prowadzenia rekrutacji os\u00f3b zainteresowanych prac\u0105 lub wsp\u00f3\u0142prac\u0105 z&nbsp;Biurem Nieruchomo\u015bci (podstawa prawna, odpowiednio, art. 6 ust. 1 lit. c&nbsp;oraz&nbsp;art. 6 ust. 1 lit. a&nbsp;RODO).<\/p>\n\n\n\n<p>Nadto Biuro Nieruchomo\u015bci przetwarza dane osobowe w&nbsp;zakresie koniecznym do&nbsp;wype\u0142nienia obowi\u0105zk\u00f3w prawnych ci\u0105\u017c\u0105cych na&nbsp;Biurze Nieruchomo\u015bci (podstawa prawna art. 6 ust. 1 lit. c&nbsp;RODO).<\/p>\n\n\n\n<h4 class=\"wp-block-heading has-text-align-center\"><strong>\u00a74<\/strong><\/h4>\n\n\n\n<h5 class=\"wp-block-heading has-text-align-center\"><strong>Prawa wynikaj\u0105ce z&nbsp;RODO<\/strong><\/h5>\n\n\n\n<p>Podanie danych osobowych jest dobrowolne, jednak\u017ce w&nbsp;zale\u017cno\u015bci od&nbsp;okoliczno\u015bci odmowa udost\u0119pnienia danych lub \u017c\u0105danie ich usuni\u0119cia mo\u017ce uniemo\u017cliwi\u0107 Biuru Nieruchomo\u015bci w&nbsp;szczeg\u00f3lno\u015bci&nbsp;kontakt z&nbsp;Pa\u0144stwem, przekazywanie Pa\u0144stwu informacji o&nbsp;wydarzeniach i&nbsp;dzia\u0142alno\u015bci Biura Nieruchomo\u015bci lub wykonanie us\u0142ugi. Przetwarzanie danych osobowych w&nbsp;ramach \u015bwiadczenia us\u0142ug pomocy prawnej uregulowane jest w&nbsp;umowach zawieranych z&nbsp;Klientami. Przesy\u0142anie informacji handlowych drog\u0105 elektroniczn\u0105 np.&nbsp;e-mailem uwarunkowane jest otrzymaniem od&nbsp;Pa\u0144stwa uprzedniej zgody. Zgodnie z&nbsp;zasadami okre\u015blonymi w&nbsp;przepisach prawnych dotycz\u0105cych ochrony danych osobowych \u2013 i&nbsp;w&nbsp;przewidzianym w&nbsp;nich zakresie \u2013 przys\u0142uguje Pa\u0144stwu prawo dost\u0119pu do&nbsp;swoich danych osobowych, ich sprostowania, usuni\u0119cia lub ograniczenia przetwarzania, prawo do&nbsp;przenoszenia danych oraz&nbsp;prawo wniesienia skargi do&nbsp;organu nadzorczego (Prezesa Urz\u0119du Ochrony Danych Osobowych). Niekt\u00f3re z&nbsp;tych uprawnie\u0144 mog\u0105 nie&nbsp;przys\u0142ugiwa\u0107 w&nbsp;zakresie przetwarzania danych w&nbsp;ramach \u015bwiadczenia pomocy prawnej. Je\u017celi nie&nbsp;chc\u0105 Pa\u0144stwo, aby Biuro Nieruchomo\u015bci przetwarza\u0142o Pa\u0144stwa dane osobowe w&nbsp;celach marketingowych, mog\u0105 Pa\u0144stwo w&nbsp;ka\u017cdym czasie zg\u0142osi\u0107 sprzeciw lub w&nbsp;dowolnym momencie cofn\u0105\u0107 zgod\u0119 wobec przetwarzania danych osobowych w&nbsp;tym celu, przy czym cofni\u0119cie zgody nie&nbsp;ma&nbsp;wp\u0142ywu na&nbsp;zgodno\u015b\u0107 z&nbsp;prawem przetwarzania, kt\u00f3rego&nbsp;dokonano na&nbsp;jej podstawie przed&nbsp;cofni\u0119ciem zgody.<\/p>\n\n\n\n<h4 class=\"wp-block-heading has-text-align-center\"><strong>\u00a75<\/strong><\/h4>\n\n\n\n<h5 class=\"wp-block-heading has-text-align-center\"><strong>Okres przetwarzania<\/strong><\/h5>\n\n\n\n<p>Pa\u0144stwa dane osobowe b\u0119d\u0105 przetwarzane, w&nbsp;zale\u017cno\u015bci od&nbsp;poszczeg\u00f3lnych cel\u00f3w i&nbsp;podstawy prawnej przetwarzania, odpowiednio:<\/p>\n\n\n\n<ol class=\"wp-block-list\">\n<li>do&nbsp;czasu up\u0142ywu termin\u00f3w przedawnienia zwi\u0105zanych z&nbsp;umow\u0105, z&nbsp;kt\u00f3r\u0105 jest zwi\u0105zane przetwarzanie danych osobowych;<\/li>\n\n\n\n<li>do&nbsp;czasu zrealizowania w\u0142a\u015bciwych prawnie uzasadnionych interes\u00f3w realizowanych przez&nbsp;Biuro Nieruchomo\u015bci jako Administratora danych zwi\u0105zanych z&nbsp;przetwarzaniem okre\u015blonych danych;<\/li>\n\n\n\n<li>do&nbsp;czasu up\u0142ywu termin\u00f3w zwi\u0105zanych z&nbsp;przedawnieniem obowi\u0105zk\u00f3w wynikaj\u0105cych z&nbsp;przepis\u00f3w prawa;<\/li>\n\n\n\n<li>do&nbsp;czasu wniesienia sprzeciwu albo&nbsp;cofni\u0119cia zgody w&nbsp;zakresie przetwarzania danych w&nbsp;celach marketingowych.<\/li>\n<\/ol>\n\n\n\n<h4 class=\"wp-block-heading has-text-align-center\"><strong>\u00a76<\/strong><\/h4>\n\n\n\n<h5 class=\"wp-block-heading has-text-align-center\"><strong>Przekazywanie danych osobowych innym podmiotom<\/strong><\/h5>\n\n\n\n<p>Pa\u0144stwa dane osobowe b\u0119d\u0105 udost\u0119pniane wy\u0142\u0105cznie podmiotom upowa\u017cnionym na&nbsp;podstawie przepis\u00f3w prawa albo&nbsp;umowy powierzenia z&nbsp;Administratorem. Na&nbsp;podstawie umowy Administrator mo\u017ce powierzy\u0107 dane podmiotom powi\u0105zanym bezpo\u015brednio lub po\u015brednio z&nbsp;Biurem Nieruchomo\u015bci, w&nbsp;szczeg\u00f3lno\u015bci w&nbsp;spos\u00f3b organizacyjny lub osobowy, maj\u0105cym siedzib\u0119 w&nbsp;jednym z&nbsp;Pa\u0144stw Cz\u0142onkowskich Unii Europejskiej. Nadto odbiorcami Pa\u0144stwa danych mog\u0105 by\u0107 zewn\u0119trzni dostawcy us\u0142ug (w&nbsp;tym us\u0142ugi IT, ksi\u0119gowo\u015bci, biegli rewidenci i&nbsp;audytorzy, prawnicy) oraz&nbsp;organy administracji, s\u0142u\u017cby pa\u0144stwowe i&nbsp;s\u0105dy. Wy\u017cej wskazani dostawcy us\u0142ug w&nbsp;ka\u017cdym przypadku b\u0119d\u0105 zobowi\u0105zani do&nbsp;zachowania poufno\u015bci Pa\u0144stwa danych osobowych oraz&nbsp;do przetwarzania ich zgodnie z&nbsp;przepisami dotycz\u0105cymi ochrony danych osobowych.<\/p>\n\n\n\n<h4 class=\"wp-block-heading has-text-align-center\"><strong>\u00a77<\/strong><\/h4>\n\n\n\n<h5 class=\"wp-block-heading has-text-align-center\"><strong>Obszar przetwarzania,<br>Brak profilowania<\/strong><\/h5>\n\n\n\n<p>Pa\u0144stwa dane osobowe przetwarzane s\u0105&nbsp;w&nbsp;siedzibie Biura Nieruchomo\u015bci i&nbsp;nie s\u0105&nbsp;przekazywane do&nbsp;kraj\u00f3w znajduj\u0105cych si\u0119 poza Uni\u0105 Europejsk\u0105. W&nbsp;razie przekazania danych osobowych do&nbsp;pa\u0144stw trzecich (znajduj\u0105cych si\u0119 poza UE) Biuro Nieruchomo\u015bci zastosuje odpowiednie instrumenty maj\u0105ce na&nbsp;celu zapewnienie bezpiecze\u0144stwa Pa\u0144stwa danych osobowych.<\/p>\n\n\n\n<p>Pa\u0144stwa dane osobowe nie&nbsp;s\u0105&nbsp;przedmiotem profilowania, jak te\u017c \u017cadnej innej formy zautomatyzowanego podejmowania decyzji.<\/p>\n\n\n\n<h4 class=\"wp-block-heading has-text-align-center\"><strong>\u00a78<\/strong><\/h4>\n\n\n\n<h5 class=\"wp-block-heading has-text-align-center\"><strong>Zmiany Polityki Prywatno\u015bci<\/strong><\/h5>\n\n\n\n<p>Wszelkie zmiany wprowadzane przez&nbsp;nas do&nbsp;Polityki Prywatno\u015bci w&nbsp;przysz\u0142o\u015bci b\u0119d\u0105 publikowane w&nbsp;witrynie pn-legal.pl. Zmiany b\u0119d\u0105 obowi\u0105zywa\u0107 wy\u0142\u0105cznie na&nbsp;przysz\u0142o\u015b\u0107 i&nbsp;wejd\u0105 w&nbsp;\u017cycie po&nbsp;zaakceptowaniu zmodyfikowanej polityki prywatno\u015bci, o&nbsp;kt\u00f3rej zostan\u0105 Pa\u0144stwo zawiadomieni w&nbsp;drodze pojawiaj\u0105cego si\u0119 okna (pop-up window). O&nbsp;ile to&nbsp;mo\u017cliwe, uprzejmie prosimy o&nbsp;regularne sprawdzanie naszej witryny w&nbsp;celu sprawdzenia aktualizacji naszej Polityki Prywatno\u015bci. Je\u015bli nie&nbsp;akceptuj\u0105 Pa\u0144stwo naszej Polityki Prywatno\u015bci lub zmian w&nbsp;Polityce Prywatno\u015bci, powinni Pa\u0144stwo zaprzesta\u0107 korzystania z&nbsp;naszej strony internetowej.<\/p>\n","protected":false},"excerpt":{"rendered":"<p>\u00a71 Cel Polityki Prywatno\u015bci Celem niniejszej Polityki Prywatno\u015bci jest wyja\u015bnienie zasad, na&nbsp;jakich przetwarzane s\u0105&nbsp;Pa\u0144stwa dane osobowe oraz&nbsp;om\u00f3wienie Pa\u0144stwa podstawowych praw zwi\u0105zanych z&nbsp;przetwarzaniem Pa\u0144stwa danych osobowych przez&nbsp;Biuro Nieruchomo\u015bci. \u00a72 Administrator danych osobowych Administratorem Pa\u0144stwa danych osobowych jest:&nbsp; Nieruchomo\u015b\u0107i Beata Bok\u015b, D\u0104BROWSKIEGO 2A, 64-100 LESZNO, NIP: 6972380594, REGON: 38820754200000 Dane osobowe zbierane przez&nbsp;Biuro Nieruchomo\u015bci przetwarzane s\u0105&nbsp;na&nbsp;zasadach okre\u015blonych [&hellip;]<\/p>\n","protected":false},"author":1,"featured_media":0,"parent":0,"menu_order":0,"comment_status":"closed","ping_status":"closed","template":"","meta":{"_acf_changed":false,"footnotes":""},"class_list":["post-291","page","type-page","status-publish","hentry"],"acf":[],"_links":{"self":[{"href":"https:\/\/boks.cyberghosts.pl\/premium\/wp-json\/wp\/v2\/pages\/291","targetHints":{"allow":["GET"]}}],"collection":[{"href":"https:\/\/boks.cyberghosts.pl\/premium\/wp-json\/wp\/v2\/pages"}],"about":[{"href":"https:\/\/boks.cyberghosts.pl\/premium\/wp-json\/wp\/v2\/types\/page"}],"author":[{"embeddable":true,"href":"https:\/\/boks.cyberghosts.pl\/premium\/wp-json\/wp\/v2\/users\/1"}],"replies":[{"embeddable":true,"href":"https:\/\/boks.cyberghosts.pl\/premium\/wp-json\/wp\/v2\/comments?post=291"}],"version-history":[{"count":2,"href":"https:\/\/boks.cyberghosts.pl\/premium\/wp-json\/wp\/v2\/pages\/291\/revisions"}],"predecessor-version":[{"id":470,"href":"https:\/\/boks.cyberghosts.pl\/premium\/wp-json\/wp\/v2\/pages\/291\/revisions\/470"}],"wp:attachment":[{"href":"https:\/\/boks.cyberghosts.pl\/premium\/wp-json\/wp\/v2\/media?parent=291"}],"curies":[{"name":"wp","href":"https:\/\/api.w.org\/{rel}","templated":true}]}}